{"id":1785,"date":"2024-07-21T14:05:31","date_gmt":"2024-07-21T10:35:31","guid":{"rendered":"https:\/\/mayadasht.com\/ar\/?post_type=product&#038;p=1785"},"modified":"2024-12-18T11:21:50","modified_gmt":"2024-12-18T07:51:50","slug":"%d9%83%d9%8a%d8%b3-%d8%b2%d8%b1%d8%a7%d8%b9%d8%a9","status":"publish","type":"product","link":"https:\/\/mayadasht.com\/ar\/product\/%d9%83%d9%8a%d8%b3-%d8%b2%d8%b1%d8%a7%d8%b9%d8%a9\/","title":{"rendered":"\u062d\u0642\u064a\u0628\u0629 \u0627\u0644\u0646\u0645\u0648"},"content":{"rendered":"<p style=\"text-align: right;\">\u062d\u0642\u064a\u0628\u0629 \u0627\u0644\u0646\u0645\u0648 \u0639\u0628\u0627\u0631\u0629 \u0639\u0646 \u0632\u0627\u0631\u0639 \u0645\u0644\u064a\u0621 \u0628\u0648\u0633\u0637 \u0646\u0645\u0648 \u0648\u064a\u0633\u062a\u062e\u062f\u0645 \u0644\u0632\u0631\u0627\u0639\u0629 \u0627\u0644\u0646\u0628\u0627\u062a\u0627\u062a \u060c \u0648\u0639\u0627\u062f\u0629 \u0645\u0627 \u062a\u0643\u0648\u0646 \u0627\u0644\u0637\u0645\u0627\u0637\u0645 \u0623\u0648 \u0645\u062d\u0627\u0635\u064a\u0644 \u0627\u0644\u0633\u0644\u0637\u0629 \u0627\u0644\u0623\u062e\u0631\u0649. \u0645\u0635\u0646\u0648\u0639\u0629 \u0641\u064a \u0627\u0644\u0623\u0635\u0644 \u0645\u0646 \u0627\u0644\u0628\u0644\u0627\u0633\u062a\u064a\u0643 \u060c \u0627\u0644\u0623\u0643\u064a\u0627\u0633 \u0627\u0644\u062d\u062f\u064a\u062b\u0629 \u0645\u0635\u0646\u0648\u0639\u0629 \u0623\u064a\u0636\u0627 \u0645\u0646 \u0627\u0644\u062c\u0648\u062a \u0623\u0648 \u0627\u0644\u0642\u0645\u0627\u0634. \u0639\u0627\u062f\u0629 \u0645\u0627 \u064a\u0639\u062a\u0645\u062f \u0648\u0633\u0637 \u0627\u0644\u0646\u0645\u0648 \u0639\u0644\u0649 \u0645\u0627\u062f\u0629 \u0639\u0636\u0648\u064a\u0629 \u0628\u062f\u0648\u0646 \u062a\u0631\u0628\u0629 \u0645\u062b\u0644 \u0627\u0644\u062e\u062b \u0623\u0648 \u062c\u0648\u0632 \u0627\u0644\u0647\u0646\u062f \u0623\u0648 \u0627\u0644\u0646\u0641\u0627\u064a\u0627\u062a \u0627\u0644\u062e\u0636\u0631\u0627\u0621 \u0627\u0644\u0633\u0645\u0627\u062f \u0623\u0648 \u0627\u0644\u0644\u062d\u0627\u0621 \u0627\u0644\u0633\u0645\u0627\u062f \u0623\u0648 \u0631\u0642\u0627\u0626\u0642 \u0627\u0644\u062e\u0634\u0628 \u0627\u0644\u0633\u0645\u0627\u062f \u0623\u0648 \u062e\u0644\u064a\u0637 \u0645\u0646 \u0647\u0630\u0647. \u062a\u062a\u0645 \u0625\u0636\u0627\u0641\u0629 \u0627\u0644\u0639\u062f\u064a\u062f \u0645\u0646 \u0627\u0644\u0639\u0646\u0627\u0635\u0631 \u0627\u0644\u063a\u0630\u0627\u0626\u064a\u0629 \u060c \u0648\u0647\u064a \u0643\u0627\u0641\u064a\u0629 \u0644\u0646\u0645\u0648 \u0645\u0648\u0633\u0645 \u0648\u0627\u062d\u062f \u060c \u0644\u0630\u0644\u0643 \u0641\u064a \u0643\u062b\u064a\u0631 \u0645\u0646 \u0627\u0644\u0623\u062d\u064a\u0627\u0646 \u0644\u0627 \u064a\u0644\u0632\u0645 \u0633\u0648\u0649 \u0627\u0644\u0632\u0631\u0627\u0639\u0629 \u0648\u0627\u0644\u0631\u064a \u0645\u0646 \u0627\u0644\u0645\u0633\u062a\u062e\u062f\u0645 \u0627\u0644\u0646\u0647\u0627\u0626\u064a.<\/p>\n","protected":false},"excerpt":{"rendered":"<h1 style=\"text-align: right;\">\u062d\u0642\u064a\u0628\u0629 \u0627\u0644\u0646\u0645\u0648 \u0639\u0628\u0627\u0631\u0629 \u0639\u0646 \u0632\u0627\u0631\u0639 \u0645\u0644\u064a\u0621 \u0628\u0648\u0633\u0637 \u0646\u0645\u0648 \u0648\u064a\u0633\u062a\u062e\u062f\u0645 \u0644\u0632\u0631\u0627\u0639\u0629 \u0627\u0644\u0646\u0628\u0627\u062a\u0627\u062a \u060c \u0648\u0639\u0627\u062f\u0629 \u0645\u0627 \u062a\u0643\u0648\u0646 \u0627\u0644\u0637\u0645\u0627\u0637\u0645 \u0623\u0648 \u0645\u062d\u0627\u0635\u064a\u0644 \u0627\u0644\u0633\u0644\u0637\u0629 \u0627\u0644\u0623\u062e\u0631\u0649<\/h1>\n<table class=\" alignright\">\n<tbody>\n<tr>\n<td width=\"70\">\n<h6>\u0627\u0644\u062d\u062c\u0645<\/h6>\n<\/td>\n<td width=\"62\">\n<h6>40\u00d750<\/h6>\n<\/td>\n<td width=\"62\">\n<h6>25\u00d7110<\/h6>\n<\/td>\n<td width=\"62\">\n<h6>40\u00d7110<\/h6>\n<\/td>\n<td width=\"62\">\n<h6>25\u00d730<\/h6>\n<\/td>\n<td width=\"62\">\n<h6>35\u00d7110<\/h6>\n<\/td>\n<td width=\"62\">\n<h6>25\u00d735<\/h6>\n<\/td>\n<td width=\"62\">\n<h6>30\u00d740<\/h6>\n<\/td>\n<td width=\"62\">\n<h6>35\u00d740<\/h6>\n<\/td>\n<\/tr>\n<tr>\n<td width=\"70\">\n<h6>\u0627\u0644\u0642\u0637\u0631<\/h6>\n<\/td>\n<td width=\"62\">\n<h6>40 \u0633\u0646\u062a\u064a\u0645\u062a\u0631<\/h6>\n<\/td>\n<td width=\"62\">\n<h6>25 \u0633\u0646\u062a\u064a\u0645\u062a\u0631<\/h6>\n<\/td>\n<td width=\"62\">\n<h6>40 \u0633\u0646\u062a\u064a\u0645\u062a\u0631<\/h6>\n<\/td>\n<td width=\"62\">\n<h6>25 \u0633\u0646\u062a\u064a\u0645\u062a\u0631<\/h6>\n<\/td>\n<td width=\"62\">\n<h6>35 \u0633\u0646\u062a\u064a\u0645\u062a\u0631<\/h6>\n<\/td>\n<td width=\"62\">\n<h6>25 \u0633\u0646\u062a\u064a\u0645\u062a\u0631<\/h6>\n<\/td>\n<td width=\"62\">\n<h6>30 \u0633\u0646\u062a\u064a\u0645\u062a\u0631<\/h6>\n<\/td>\n<td width=\"62\">\n<h6>35 \u0633\u0646\u062a\u064a\u0645\u062a\u0631<\/h6>\n<\/td>\n<\/tr>\n<tr>\n<td width=\"70\">\n<h6>\u0627\u0644\u0627\u0631\u062a\u0641\u0627\u0639<\/h6>\n<\/td>\n<td width=\"62\">\n<h6>50 \u0633\u0646\u062a\u064a\u0645\u062a\u0631<\/h6>\n<\/td>\n<td width=\"62\">\n<h6>110 \u0633\u0646\u062a\u064a\u0645\u062a\u0631<\/h6>\n<\/td>\n<td width=\"62\">\n<h6>110 \u0633\u0646\u062a\u064a\u0645\u062a\u0631<\/h6>\n<\/td>\n<td width=\"62\">\n<h6>30 \u0633\u0646\u062a\u064a\u0645\u062a\u0631<\/h6>\n<\/td>\n<td width=\"62\">\n<h6>110 \u0633\u0646\u062a\u064a\u0645\u062a\u0631<\/h6>\n<\/td>\n<td width=\"62\">\n<h6>35 \u0633\u0646\u062a\u064a\u0645\u062a\u0631<\/h6>\n<\/td>\n<td width=\"62\">\n<h6>40 \u0633\u0646\u062a\u064a\u0645\u062a\u0631<\/h6>\n<\/td>\n<td width=\"62\">\n<h6>40 \u0633\u0646\u062a\u064a\u0645\u062a\u0631<\/h6>\n<\/td>\n<\/tr>\n<tr>\n<td width=\"70\">\n<h6>\u0627\u0644\u0643\u0645\u064a\u0629 \u0644\u0644\u0643\u064a\u0644\u0648\u063a\u0631\u0627\u0645 \u0627\u0644\u0648\u0627\u062d\u062f<\/h6>\n<\/td>\n<td width=\"62\">\n<h6>\u0642\u0650\u0637\u064e\u0639\u064722<\/h6>\n<\/td>\n<td width=\"62\">\n<h6>13\u0642\u0650\u0637\u064e\u0639\u0647<\/h6>\n<h6><\/h6>\n<\/td>\n<td width=\"62\">\n<h6>9 \u0642\u0650\u0637\u064e\u0639\u0647<\/h6>\n<h6><\/h6>\n<\/td>\n<td width=\"62\">\n<h6>63 \u0642\u0650\u0637\u064e\u0639\u0647<\/h6>\n<h6><\/h6>\n<\/td>\n<td width=\"62\">\n<h6>63\u0642\u0650\u0637\u064e\u0639\u0647<\/h6>\n<\/td>\n<td width=\"62\">\n<h6>\u00a0\u0642\u0650\u0637\u064e\u0639\u064755<\/h6>\n<\/td>\n<td width=\"62\">\n<h6>35 \u0642\u0650\u0637\u064e\u0639\u0647<\/h6>\n<\/td>\n<td width=\"62\">\n<h6>32 \u0642\u0650\u0637\u064e\u0639\u0647<\/h6>\n<\/td>\n<\/tr>\n<\/tbody>\n<\/table>\n<p>&nbsp;<\/p>\n","protected":false},"featured_media":1947,"comment_status":"open","ping_status":"closed","template":"","meta":[],"product_brand":[],"product_cat":[93],"product_tag":[],"class_list":{"0":"post-1785","1":"product","2":"type-product","3":"status-publish","4":"has-post-thumbnail","6":"product_cat-93","8":"first","9":"instock","10":"shipping-taxable","11":"product-type-simple"},"yoast_head":"<!-- This site is optimized with the Yoast SEO Premium plugin v23.5 (Yoast SEO v26.6) - https:\/\/yoast.com\/wordpress\/plugins\/seo\/ -->\n<title>\u062d\u0642\u064a\u0628\u0629 \u0627\u0644\u0646\u0645\u0648 - Maya Dasht<\/title>\n<meta name=\"robots\" content=\"index, follow, max-snippet:-1, max-image-preview:large, max-video-preview:-1\" \/>\n<link rel=\"canonical\" href=\"https:\/\/mayadasht.com\/ar\/product\/\u0643\u064a\u0633-\u0632\u0631\u0627\u0639\u0629\/\" \/>\n<meta property=\"og:locale\" content=\"fa_IR\" \/>\n<meta property=\"og:type\" content=\"article\" \/>\n<meta property=\"og:title\" content=\"\u062d\u0642\u064a\u0628\u0629 \u0627\u0644\u0646\u0645\u0648\" \/>\n<meta property=\"og:description\" content=\"\u062d\u0642\u064a\u0628\u0629 \u0627\u0644\u0646\u0645\u0648 \u0639\u0628\u0627\u0631\u0629 \u0639\u0646 \u0632\u0627\u0631\u0639 \u0645\u0644\u064a\u0621 \u0628\u0648\u0633\u0637 \u0646\u0645\u0648 \u0648\u064a\u0633\u062a\u062e\u062f\u0645 \u0644\u0632\u0631\u0627\u0639\u0629 \u0627\u0644\u0646\u0628\u0627\u062a\u0627\u062a \u060c \u0648\u0639\u0627\u062f\u0629 \u0645\u0627 \u062a\u0643\u0648\u0646 \u0627\u0644\u0637\u0645\u0627\u0637\u0645 \u0623\u0648 \u0645\u062d\u0627\u0635\u064a\u0644 \u0627\u0644\u0633\u0644\u0637\u0629 \u0627\u0644\u0623\u062e\u0631\u0649     \u0627\u0644\u062d\u062c\u0645   40\u00d750   25\u00d7110   40\u00d7110   25\u00d730   35\u00d7110   25\u00d735   30\u00d740   35\u00d740     \u0627\u0644\u0642\u0637\u0631   40 \u0633\u0646\u062a\u064a\u0645\u062a\u0631   25 \u0633\u0646\u062a\u064a\u0645\u062a\u0631   40 \u0633\u0646\u062a\u064a\u0645\u062a\u0631   25 \u0633\u0646\u062a\u064a\u0645\u062a\u0631   35 \u0633\u0646\u062a\u064a\u0645\u062a\u0631   25 \u0633\u0646\u062a\u064a\u0645\u062a\u0631   30 \u0633\u0646\u062a\u064a\u0645\u062a\u0631   35 \u0633\u0646\u062a\u064a\u0645\u062a\u0631     \u0627\u0644\u0627\u0631\u062a\u0641\u0627\u0639   50 \u0633\u0646\u062a\u064a\u0645\u062a\u0631   110 \u0633\u0646\u062a\u064a\u0645\u062a\u0631   110 \u0633\u0646\u062a\u064a\u0645\u062a\u0631   30 \u0633\u0646\u062a\u064a\u0645\u062a\u0631   110 \u0633\u0646\u062a\u064a\u0645\u062a\u0631   35 \u0633\u0646\u062a\u064a\u0645\u062a\u0631   40 \u0633\u0646\u062a\u064a\u0645\u062a\u0631   40 \u0633\u0646\u062a\u064a\u0645\u062a\u0631     \u0627\u0644\u0643\u0645\u064a\u0629 \u0644\u0644\u0643\u064a\u0644\u0648\u063a\u0631\u0627\u0645 \u0627\u0644\u0648\u0627\u062d\u062f   \u0642\u0650\u0637\u064e\u0639\u064722   13\u0642\u0650\u0637\u064e\u0639\u0647    9 \u0642\u0650\u0637\u064e\u0639\u0647    63 \u0642\u0650\u0637\u064e\u0639\u0647    63\u0642\u0650\u0637\u064e\u0639\u0647   \u00a0\u0642\u0650\u0637\u064e\u0639\u064755   35 \u0642\u0650\u0637\u064e\u0639\u0647   32 \u0642\u0650\u0637\u064e\u0639\u0647     &nbsp;\" \/>\n<meta property=\"og:url\" content=\"https:\/\/mayadasht.com\/ar\/product\/\u0643\u064a\u0633-\u0632\u0631\u0627\u0639\u0629\/\" \/>\n<meta property=\"og:site_name\" content=\"Maya Dasht\" \/>\n<meta property=\"article:modified_time\" content=\"2024-12-18T07:51:50+00:00\" \/>\n<meta property=\"og:image\" content=\"https:\/\/mayadasht.com\/ar\/wp-content\/uploads\/2024\/07\/coco-peat-grow-bags-1566811699-5054605.jpeg\" \/>\n\t<meta property=\"og:image:width\" content=\"500\" \/>\n\t<meta property=\"og:image:height\" content=\"500\" \/>\n\t<meta property=\"og:image:type\" content=\"image\/jpeg\" \/>\n<meta name=\"twitter:card\" content=\"summary_large_image\" \/>\n<meta name=\"twitter:label1\" content=\"\u0632\u0645\u0627\u0646 \u062a\u0642\u0631\u06cc\u0628\u06cc \u0628\u0631\u0627\u06cc \u062e\u0648\u0627\u0646\u062f\u0646\" \/>\n\t<meta name=\"twitter:data1\" content=\"1 \u062f\u0642\u06cc\u0642\u0647\" \/>\n<script type=\"application\/ld+json\" class=\"yoast-schema-graph\">{\"@context\":\"https:\/\/schema.org\",\"@graph\":[{\"@type\":\"WebPage\",\"@id\":\"https:\/\/mayadasht.com\/ar\/product\/%d9%83%d9%8a%d8%b3-%d8%b2%d8%b1%d8%a7%d8%b9%d8%a9\/\",\"url\":\"https:\/\/mayadasht.com\/ar\/product\/%d9%83%d9%8a%d8%b3-%d8%b2%d8%b1%d8%a7%d8%b9%d8%a9\/\",\"name\":\"\u062d\u0642\u064a\u0628\u0629 \u0627\u0644\u0646\u0645\u0648 - Maya Dasht\",\"isPartOf\":{\"@id\":\"https:\/\/mayadasht.com\/ar\/#website\"},\"primaryImageOfPage\":{\"@id\":\"https:\/\/mayadasht.com\/ar\/product\/%d9%83%d9%8a%d8%b3-%d8%b2%d8%b1%d8%a7%d8%b9%d8%a9\/#primaryimage\"},\"image\":{\"@id\":\"https:\/\/mayadasht.com\/ar\/product\/%d9%83%d9%8a%d8%b3-%d8%b2%d8%b1%d8%a7%d8%b9%d8%a9\/#primaryimage\"},\"thumbnailUrl\":\"https:\/\/mayadasht.com\/ar\/wp-content\/uploads\/2024\/07\/coco-peat-grow-bags-1566811699-5054605.jpeg\",\"datePublished\":\"2024-07-21T10:35:31+00:00\",\"dateModified\":\"2024-12-18T07:51:50+00:00\",\"breadcrumb\":{\"@id\":\"https:\/\/mayadasht.com\/ar\/product\/%d9%83%d9%8a%d8%b3-%d8%b2%d8%b1%d8%a7%d8%b9%d8%a9\/#breadcrumb\"},\"inLanguage\":\"fa-IR\",\"potentialAction\":[{\"@type\":\"ReadAction\",\"target\":[\"https:\/\/mayadasht.com\/ar\/product\/%d9%83%d9%8a%d8%b3-%d8%b2%d8%b1%d8%a7%d8%b9%d8%a9\/\"]}]},{\"@type\":\"ImageObject\",\"inLanguage\":\"fa-IR\",\"@id\":\"https:\/\/mayadasht.com\/ar\/product\/%d9%83%d9%8a%d8%b3-%d8%b2%d8%b1%d8%a7%d8%b9%d8%a9\/#primaryimage\",\"url\":\"https:\/\/mayadasht.com\/ar\/wp-content\/uploads\/2024\/07\/coco-peat-grow-bags-1566811699-5054605.jpeg\",\"contentUrl\":\"https:\/\/mayadasht.com\/ar\/wp-content\/uploads\/2024\/07\/coco-peat-grow-bags-1566811699-5054605.jpeg\",\"width\":500,\"height\":500,\"caption\":\"\u0643\u064a\u0633 \u0627\u0644\u0632\u0631\u0627\u0639\u0629\"},{\"@type\":\"BreadcrumbList\",\"@id\":\"https:\/\/mayadasht.com\/ar\/product\/%d9%83%d9%8a%d8%b3-%d8%b2%d8%b1%d8%a7%d8%b9%d8%a9\/#breadcrumb\",\"itemListElement\":[{\"@type\":\"ListItem\",\"position\":1,\"name\":\"Home\",\"item\":\"https:\/\/mayadasht.com\/ar\/\"},{\"@type\":\"ListItem\",\"position\":2,\"name\":\"Shop\",\"item\":\"https:\/\/mayadasht.com\/ar\/shop\/\"},{\"@type\":\"ListItem\",\"position\":3,\"name\":\"\u062d\u0642\u064a\u0628\u0629 \u0627\u0644\u0646\u0645\u0648\"}]},{\"@type\":\"WebSite\",\"@id\":\"https:\/\/mayadasht.com\/ar\/#website\",\"url\":\"https:\/\/mayadasht.com\/ar\/\",\"name\":\"Maya Dasht\",\"description\":\"\",\"potentialAction\":[{\"@type\":\"SearchAction\",\"target\":{\"@type\":\"EntryPoint\",\"urlTemplate\":\"https:\/\/mayadasht.com\/ar\/?s={search_term_string}\"},\"query-input\":{\"@type\":\"PropertyValueSpecification\",\"valueRequired\":true,\"valueName\":\"search_term_string\"}}],\"inLanguage\":\"fa-IR\"}]}<\/script>\n<!-- \/ Yoast SEO Premium plugin. -->","yoast_head_json":{"title":"\u062d\u0642\u064a\u0628\u0629 \u0627\u0644\u0646\u0645\u0648 - Maya Dasht","robots":{"index":"index","follow":"follow","max-snippet":"max-snippet:-1","max-image-preview":"max-image-preview:large","max-video-preview":"max-video-preview:-1"},"canonical":"https:\/\/mayadasht.com\/ar\/product\/\u0643\u064a\u0633-\u0632\u0631\u0627\u0639\u0629\/","og_locale":"fa_IR","og_type":"article","og_title":"\u062d\u0642\u064a\u0628\u0629 \u0627\u0644\u0646\u0645\u0648","og_description":"\u062d\u0642\u064a\u0628\u0629 \u0627\u0644\u0646\u0645\u0648 \u0639\u0628\u0627\u0631\u0629 \u0639\u0646 \u0632\u0627\u0631\u0639 \u0645\u0644\u064a\u0621 \u0628\u0648\u0633\u0637 \u0646\u0645\u0648 \u0648\u064a\u0633\u062a\u062e\u062f\u0645 \u0644\u0632\u0631\u0627\u0639\u0629 \u0627\u0644\u0646\u0628\u0627\u062a\u0627\u062a \u060c \u0648\u0639\u0627\u062f\u0629 \u0645\u0627 \u062a\u0643\u0648\u0646 \u0627\u0644\u0637\u0645\u0627\u0637\u0645 \u0623\u0648 \u0645\u062d\u0627\u0635\u064a\u0644 \u0627\u0644\u0633\u0644\u0637\u0629 \u0627\u0644\u0623\u062e\u0631\u0649     \u0627\u0644\u062d\u062c\u0645   40\u00d750   25\u00d7110   40\u00d7110   25\u00d730   35\u00d7110   25\u00d735   30\u00d740   35\u00d740     \u0627\u0644\u0642\u0637\u0631   40 \u0633\u0646\u062a\u064a\u0645\u062a\u0631   25 \u0633\u0646\u062a\u064a\u0645\u062a\u0631   40 \u0633\u0646\u062a\u064a\u0645\u062a\u0631   25 \u0633\u0646\u062a\u064a\u0645\u062a\u0631   35 \u0633\u0646\u062a\u064a\u0645\u062a\u0631   25 \u0633\u0646\u062a\u064a\u0645\u062a\u0631   30 \u0633\u0646\u062a\u064a\u0645\u062a\u0631   35 \u0633\u0646\u062a\u064a\u0645\u062a\u0631     \u0627\u0644\u0627\u0631\u062a\u0641\u0627\u0639   50 \u0633\u0646\u062a\u064a\u0645\u062a\u0631   110 \u0633\u0646\u062a\u064a\u0645\u062a\u0631   110 \u0633\u0646\u062a\u064a\u0645\u062a\u0631   30 \u0633\u0646\u062a\u064a\u0645\u062a\u0631   110 \u0633\u0646\u062a\u064a\u0645\u062a\u0631   35 \u0633\u0646\u062a\u064a\u0645\u062a\u0631   40 \u0633\u0646\u062a\u064a\u0645\u062a\u0631   40 \u0633\u0646\u062a\u064a\u0645\u062a\u0631     \u0627\u0644\u0643\u0645\u064a\u0629 \u0644\u0644\u0643\u064a\u0644\u0648\u063a\u0631\u0627\u0645 \u0627\u0644\u0648\u0627\u062d\u062f   \u0642\u0650\u0637\u064e\u0639\u064722   13\u0642\u0650\u0637\u064e\u0639\u0647    9 \u0642\u0650\u0637\u064e\u0639\u0647    63 \u0642\u0650\u0637\u064e\u0639\u0647    63\u0642\u0650\u0637\u064e\u0639\u0647   \u00a0\u0642\u0650\u0637\u064e\u0639\u064755   35 \u0642\u0650\u0637\u064e\u0639\u0647   32 \u0642\u0650\u0637\u064e\u0639\u0647     &nbsp;","og_url":"https:\/\/mayadasht.com\/ar\/product\/\u0643\u064a\u0633-\u0632\u0631\u0627\u0639\u0629\/","og_site_name":"Maya Dasht","article_modified_time":"2024-12-18T07:51:50+00:00","og_image":[{"width":500,"height":500,"url":"https:\/\/mayadasht.com\/ar\/wp-content\/uploads\/2024\/07\/coco-peat-grow-bags-1566811699-5054605.jpeg","type":"image\/jpeg"}],"twitter_card":"summary_large_image","twitter_misc":{"\u0632\u0645\u0627\u0646 \u062a\u0642\u0631\u06cc\u0628\u06cc \u0628\u0631\u0627\u06cc \u062e\u0648\u0627\u0646\u062f\u0646":"1 \u062f\u0642\u06cc\u0642\u0647"},"schema":{"@context":"https:\/\/schema.org","@graph":[{"@type":"WebPage","@id":"https:\/\/mayadasht.com\/ar\/product\/%d9%83%d9%8a%d8%b3-%d8%b2%d8%b1%d8%a7%d8%b9%d8%a9\/","url":"https:\/\/mayadasht.com\/ar\/product\/%d9%83%d9%8a%d8%b3-%d8%b2%d8%b1%d8%a7%d8%b9%d8%a9\/","name":"\u062d\u0642\u064a\u0628\u0629 \u0627\u0644\u0646\u0645\u0648 - Maya Dasht","isPartOf":{"@id":"https:\/\/mayadasht.com\/ar\/#website"},"primaryImageOfPage":{"@id":"https:\/\/mayadasht.com\/ar\/product\/%d9%83%d9%8a%d8%b3-%d8%b2%d8%b1%d8%a7%d8%b9%d8%a9\/#primaryimage"},"image":{"@id":"https:\/\/mayadasht.com\/ar\/product\/%d9%83%d9%8a%d8%b3-%d8%b2%d8%b1%d8%a7%d8%b9%d8%a9\/#primaryimage"},"thumbnailUrl":"https:\/\/mayadasht.com\/ar\/wp-content\/uploads\/2024\/07\/coco-peat-grow-bags-1566811699-5054605.jpeg","datePublished":"2024-07-21T10:35:31+00:00","dateModified":"2024-12-18T07:51:50+00:00","breadcrumb":{"@id":"https:\/\/mayadasht.com\/ar\/product\/%d9%83%d9%8a%d8%b3-%d8%b2%d8%b1%d8%a7%d8%b9%d8%a9\/#breadcrumb"},"inLanguage":"fa-IR","potentialAction":[{"@type":"ReadAction","target":["https:\/\/mayadasht.com\/ar\/product\/%d9%83%d9%8a%d8%b3-%d8%b2%d8%b1%d8%a7%d8%b9%d8%a9\/"]}]},{"@type":"ImageObject","inLanguage":"fa-IR","@id":"https:\/\/mayadasht.com\/ar\/product\/%d9%83%d9%8a%d8%b3-%d8%b2%d8%b1%d8%a7%d8%b9%d8%a9\/#primaryimage","url":"https:\/\/mayadasht.com\/ar\/wp-content\/uploads\/2024\/07\/coco-peat-grow-bags-1566811699-5054605.jpeg","contentUrl":"https:\/\/mayadasht.com\/ar\/wp-content\/uploads\/2024\/07\/coco-peat-grow-bags-1566811699-5054605.jpeg","width":500,"height":500,"caption":"\u0643\u064a\u0633 \u0627\u0644\u0632\u0631\u0627\u0639\u0629"},{"@type":"BreadcrumbList","@id":"https:\/\/mayadasht.com\/ar\/product\/%d9%83%d9%8a%d8%b3-%d8%b2%d8%b1%d8%a7%d8%b9%d8%a9\/#breadcrumb","itemListElement":[{"@type":"ListItem","position":1,"name":"Home","item":"https:\/\/mayadasht.com\/ar\/"},{"@type":"ListItem","position":2,"name":"Shop","item":"https:\/\/mayadasht.com\/ar\/shop\/"},{"@type":"ListItem","position":3,"name":"\u062d\u0642\u064a\u0628\u0629 \u0627\u0644\u0646\u0645\u0648"}]},{"@type":"WebSite","@id":"https:\/\/mayadasht.com\/ar\/#website","url":"https:\/\/mayadasht.com\/ar\/","name":"Maya Dasht","description":"","potentialAction":[{"@type":"SearchAction","target":{"@type":"EntryPoint","urlTemplate":"https:\/\/mayadasht.com\/ar\/?s={search_term_string}"},"query-input":{"@type":"PropertyValueSpecification","valueRequired":true,"valueName":"search_term_string"}}],"inLanguage":"fa-IR"}]}},"_links":{"self":[{"href":"https:\/\/mayadasht.com\/ar\/wp-json\/wp\/v2\/product\/1785","targetHints":{"allow":["GET"]}}],"collection":[{"href":"https:\/\/mayadasht.com\/ar\/wp-json\/wp\/v2\/product"}],"about":[{"href":"https:\/\/mayadasht.com\/ar\/wp-json\/wp\/v2\/types\/product"}],"replies":[{"embeddable":true,"href":"https:\/\/mayadasht.com\/ar\/wp-json\/wp\/v2\/comments?post=1785"}],"version-history":[{"count":7,"href":"https:\/\/mayadasht.com\/ar\/wp-json\/wp\/v2\/product\/1785\/revisions"}],"predecessor-version":[{"id":2235,"href":"https:\/\/mayadasht.com\/ar\/wp-json\/wp\/v2\/product\/1785\/revisions\/2235"}],"wp:featuredmedia":[{"embeddable":true,"href":"https:\/\/mayadasht.com\/ar\/wp-json\/wp\/v2\/media\/1947"}],"wp:attachment":[{"href":"https:\/\/mayadasht.com\/ar\/wp-json\/wp\/v2\/media?parent=1785"}],"wp:term":[{"taxonomy":"product_brand","embeddable":true,"href":"https:\/\/mayadasht.com\/ar\/wp-json\/wp\/v2\/product_brand?post=1785"},{"taxonomy":"product_cat","embeddable":true,"href":"https:\/\/mayadasht.com\/ar\/wp-json\/wp\/v2\/product_cat?post=1785"},{"taxonomy":"product_tag","embeddable":true,"href":"https:\/\/mayadasht.com\/ar\/wp-json\/wp\/v2\/product_tag?post=1785"}],"curies":[{"name":"wp","href":"https:\/\/api.w.org\/{rel}","templated":true}]}}